{"id":9147,"date":"2023-11-08T12:18:44","date_gmt":"2023-11-08T10:18:44","guid":{"rendered":"https:\/\/observatoriodelemprendimiento.es\/gem-spain\/?page_id=9147"},"modified":"2023-11-08T12:22:54","modified_gmt":"2023-11-08T10:22:54","slug":"informes-especiales-todos-gem","status":"publish","type":"page","link":"https:\/\/observatoriodelemprendimiento.es\/gem-spain\/informes-especiales-todos-gem\/","title":{"rendered":"Informes Especiales Todos GEM"},"content":{"rendered":"\t\t<div data-elementor-type=\"wp-page\" data-elementor-id=\"9147\" class=\"elementor elementor-9147\" data-elementor-post-type=\"page\">\n\t\t\t\t\t\t<section class=\"elementor-section elementor-top-section elementor-element elementor-element-3d35ba81 elementor-section-stretched elementor-section-full_width elementor-section-height-default elementor-section-height-default\" data-id=\"3d35ba81\" data-element_type=\"section\" data-settings=\"{&quot;stretch_section&quot;:&quot;section-stretched&quot;}\">\n\t\t\t\t\t\t<div class=\"elementor-container elementor-column-gap-default\">\n\t\t\t\t\t<div class=\"elementor-column elementor-col-100 elementor-top-column elementor-element elementor-element-c58dcde\" data-id=\"c58dcde\" data-element_type=\"column\">\n\t\t\t<div class=\"elementor-widget-wrap elementor-element-populated\">\n\t\t\t\t\t\t<div class=\"elementor-element elementor-element-3d03da72 elementor--v-position-bottom elementor--h-position-center elementor-arrows-position-inside elementor-pagination-position-inside elementor-widget elementor-widget-slides\" data-id=\"3d03da72\" data-element_type=\"widget\" data-settings=\"{&quot;navigation&quot;:&quot;both&quot;,&quot;autoplay&quot;:&quot;yes&quot;,&quot;pause_on_hover&quot;:&quot;yes&quot;,&quot;pause_on_interaction&quot;:&quot;yes&quot;,&quot;autoplay_speed&quot;:5000,&quot;infinite&quot;:&quot;yes&quot;,&quot;transition&quot;:&quot;slide&quot;,&quot;transition_speed&quot;:500}\" data-widget_type=\"slides.default\">\n\t\t\t\t<div class=\"elementor-widget-container\">\n\t\t\t\t\t\t\t\t\t<div class=\"elementor-swiper\">\n\t\t\t\t\t<div class=\"elementor-slides-wrapper elementor-main-swiper swiper\" role=\"region\" aria-roledescription=\"carousel\" aria-label=\"Diapositivas\" dir=\"ltr\" data-animation=\"fadeInUp\">\n\t\t\t\t<div class=\"swiper-wrapper elementor-slides\">\n\t\t\t\t\t\t\t\t\t\t<div class=\"elementor-repeater-item-ee55529 swiper-slide\" role=\"group\" aria-roledescription=\"slide\"><div class=\"swiper-slide-bg elementor-ken-burns elementor-ken-burns--in\" role=\"img\" aria-label=\"informes_especiales_portada\"><\/div><div class=\"elementor-background-overlay\"><\/div><div class=\"swiper-slide-inner\" ><div class=\"swiper-slide-contents\"><div class=\"elementor-slide-heading\">Informes Especiales<\/div><div class=\"elementor-slide-description\">Estos informes no se realizan con una periodicidad estipulada, sino que se ajustan a los requerimientos de instituciones u organismos que precisan informaci\u00f3n m\u00e1s detallada sobre un \u00e1mbito espec\u00edfico vinculado al emprendimiento.<\/div><\/div><\/div><\/div>\t\t\t\t<\/div>\n\t\t\t\t\t\t\t<\/div>\n\t\t\t\t<\/div>\n\t\t\t\t\t\t\t\t<\/div>\n\t\t\t\t<\/div>\n\t\t\t\t\t<\/div>\n\t\t<\/div>\n\t\t\t\t\t<\/div>\n\t\t<\/section>\n\t\t\t\t<section class=\"elementor-section elementor-top-section elementor-element elementor-element-6a52f0b5 elementor-section-boxed elementor-section-height-default elementor-section-height-default\" data-id=\"6a52f0b5\" data-element_type=\"section\">\n\t\t\t\t\t\t<div class=\"elementor-container elementor-column-gap-default\">\n\t\t\t\t\t<div class=\"elementor-column elementor-col-33 elementor-top-column elementor-element elementor-element-4363461f\" data-id=\"4363461f\" data-element_type=\"column\">\n\t\t\t<div class=\"elementor-widget-wrap elementor-element-populated\">\n\t\t\t\t\t\t<div class=\"elementor-element elementor-element-139aa2f elementor-widget elementor-widget-image\" data-id=\"139aa2f\" data-element_type=\"widget\" data-widget_type=\"image.default\">\n\t\t\t\t<div class=\"elementor-widget-container\">\n\t\t\t\t\t\t\t\t\t\t\t\t\t\t\t\t<a href=\"https:\/\/www.gemconsortium.org\/\">\n\t\t\t\t\t\t\t<img decoding=\"async\" src=\"https:\/\/observatoriodelemprendimiento.es\/gem-spain\/wp-content\/uploads\/elementor\/thumbs\/informe-globales-ovsq1g9g5q6r7pwbkk3uj88rl2695bn501xpjiyosg.png\" title=\"informe-globales\" alt=\"informe-globales\" class=\"elementor-animation-grow\" loading=\"lazy\" \/>\t\t\t\t\t\t\t\t<\/a>\n\t\t\t\t\t\t\t\t\t\t\t\t\t\t\t<\/div>\n\t\t\t\t<\/div>\n\t\t\t\t<div class=\"elementor-element elementor-element-5f7523c2 elementor-widget elementor-widget-heading\" data-id=\"5f7523c2\" data-element_type=\"widget\" data-widget_type=\"heading.default\">\n\t\t\t\t<div class=\"elementor-widget-container\">\n\t\t\t\t\t<h3 class=\"elementor-heading-title elementor-size-default\"><a href=\"https:\/\/www.gemconsortium.org\/\">Informes GEM Global<\/a><\/h3>\t\t\t\t<\/div>\n\t\t\t\t<\/div>\n\t\t\t\t\t<\/div>\n\t\t<\/div>\n\t\t\t\t<div class=\"elementor-column elementor-col-33 elementor-top-column elementor-element elementor-element-f698b80\" data-id=\"f698b80\" data-element_type=\"column\">\n\t\t\t<div class=\"elementor-widget-wrap elementor-element-populated\">\n\t\t\t\t\t\t<div class=\"elementor-element elementor-element-303365b elementor-widget elementor-widget-image\" data-id=\"303365b\" data-element_type=\"widget\" data-widget_type=\"image.default\">\n\t\t\t\t<div class=\"elementor-widget-container\">\n\t\t\t\t\t\t\t\t\t\t\t\t\t\t\t\t<a href=\"https:\/\/observatoriodelemprendimiento.es\/gem-spain\/informes-nacionales\/\">\n\t\t\t\t\t\t\t<img decoding=\"async\" src=\"https:\/\/observatoriodelemprendimiento.es\/gem-spain\/wp-content\/uploads\/elementor\/thumbs\/InformeGEMEspana20222023-q79q0bkw2qhdz60417wegar0mt07nzphpfm4qfpibk.png\" title=\"InformeGEMEspana20222023\" alt=\"InformeGEMEspana20222023\" class=\"elementor-animation-grow\" loading=\"lazy\" \/>\t\t\t\t\t\t\t\t<\/a>\n\t\t\t\t\t\t\t\t\t\t\t\t\t\t\t<\/div>\n\t\t\t\t<\/div>\n\t\t\t\t<div class=\"elementor-element elementor-element-74324a7a elementor-widget elementor-widget-heading\" data-id=\"74324a7a\" data-element_type=\"widget\" data-widget_type=\"heading.default\">\n\t\t\t\t<div class=\"elementor-widget-container\">\n\t\t\t\t\t<h3 class=\"elementor-heading-title elementor-size-default\"><a href=\"https:\/\/observatoriodelemprendimiento.es\/gem-spain\/informes-nacionales\/\">Informes GEM Nacionales<\/a><\/h3>\t\t\t\t<\/div>\n\t\t\t\t<\/div>\n\t\t\t\t\t<\/div>\n\t\t<\/div>\n\t\t\t\t<div class=\"elementor-column elementor-col-33 elementor-top-column elementor-element elementor-element-182f0d0e\" data-id=\"182f0d0e\" data-element_type=\"column\">\n\t\t\t<div class=\"elementor-widget-wrap elementor-element-populated\">\n\t\t\t\t\t\t<div class=\"elementor-element elementor-element-71de2e48 elementor-widget elementor-widget-image\" data-id=\"71de2e48\" data-element_type=\"widget\" data-widget_type=\"image.default\">\n\t\t\t\t<div class=\"elementor-widget-container\">\n\t\t\t\t\t\t\t\t\t\t\t\t\t\t\t\t<a href=\"https:\/\/observatoriodelemprendimiento.es\/gem-spain\/informes-regionales\/\">\n\t\t\t\t\t\t\t<img decoding=\"async\" src=\"https:\/\/observatoriodelemprendimiento.es\/gem-spain\/wp-content\/uploads\/elementor\/thumbs\/Imagen-para-Informes-regionales-ovkam143i6uj4erxoclbr7s5voboh9f3i529l1883k.jpg\" title=\"Imagen-para-Informes-regionales\" alt=\"Imagen-para-Informes-regionales\" class=\"elementor-animation-grow\" loading=\"lazy\" \/>\t\t\t\t\t\t\t\t<\/a>\n\t\t\t\t\t\t\t\t\t\t\t\t\t\t\t<\/div>\n\t\t\t\t<\/div>\n\t\t\t\t<div class=\"elementor-element elementor-element-1a6174c2 elementor-widget elementor-widget-heading\" data-id=\"1a6174c2\" data-element_type=\"widget\" data-widget_type=\"heading.default\">\n\t\t\t\t<div class=\"elementor-widget-container\">\n\t\t\t\t\t<h3 class=\"elementor-heading-title elementor-size-default\"><a href=\"https:\/\/observatoriodelemprendimiento.es\/gem-spain\/informes-regionales\/\">Informes GEM Regionales<\/a><\/h3>\t\t\t\t<\/div>\n\t\t\t\t<\/div>\n\t\t\t\t\t<\/div>\n\t\t<\/div>\n\t\t\t\t\t<\/div>\n\t\t<\/section>\n\t\t\t\t<section class=\"elementor-section elementor-top-section elementor-element elementor-element-364dd25 elementor-section-boxed elementor-section-height-default elementor-section-height-default\" data-id=\"364dd25\" data-element_type=\"section\">\n\t\t\t\t\t\t<div class=\"elementor-container elementor-column-gap-default\">\n\t\t\t\t\t<div class=\"elementor-column elementor-col-100 elementor-top-column elementor-element elementor-element-52de931\" data-id=\"52de931\" data-element_type=\"column\">\n\t\t\t<div class=\"elementor-widget-wrap elementor-element-populated\">\n\t\t\t\t\t\t<div class=\"elementor-element elementor-element-cd6a778 elementor-widget elementor-widget-shortcode\" data-id=\"cd6a778\" data-element_type=\"widget\" data-widget_type=\"shortcode.default\">\n\t\t\t\t<div class=\"elementor-widget-container\">\n\t\t\t\t\t\t\t<div class=\"elementor-shortcode\"><style>\r\n\t\t.theme-default .elfinder .elfinder-contextmenu .elfinder-contextmenu-item.op-info{\r\n\tdisplay:none !important;\r\n\t}\r\n\t<\/style><div class=\"wrap_file_manager\">\r\n\t<div class=\"theme-default\"><div id=\"wp_file_manager_front620\"><\/div><\/div>\r\n\t<\/div><script type=\"text\/javascript\">\r\n\tvar selectedFilesArr = {};\r\n\t\tjQuery(document).ready(function () {\r\n\t\t\tvar adminajax = \"https:\/\/observatoriodelemprendimiento.es\/gem-spain\/wp-admin\/admin-ajax.php\";\r\n\t\t\tvar allow_upload_notifications = \"no\";\r\n\t\t\tvar allow_download_notifications= \"no\";\r\n\t\t\tvar allow_edit_notifications=\"no\";\r\n\t\t\tvar fm_without_code = jQuery(\"#wp_file_manager_front620\")\r\n\t\t\t  .elfinder({\r\n\t\t\t\turl: \"https:\/\/observatoriodelemprendimiento.es\/gem-spain\/wp-admin\/admin-ajax.php?action=mk_file_folder_manager_shortcode\",\r\n\t\t\t\tuploadMaxChunkSize: \"104857600\",\r\n\t\t\t\tlang: \"es\",\r\n\t\t\t\tdefaultView: \"grid\",\r\n\t\t\t\tdateFormat: \"d M, Y h:i A\",\r\n\t\t\t\tcustomData: {\r\n\t\t\t\t  _wpnonce: \"753c5bb513\",\r\n\t\t\t\t  data_key: \"22db09e38e6a1da5258fa8f167655f99\",\r\n\t\t\t\t},\r\n\t\t\t\tuiOptions: {\r\n\t\t\t\t\ttoolbarExtra : {\r\n\t\t\t\t\t\tpreferenceInContextmenu: false,\r\n\t\t\t\t\t}\r\n\t\t\t\t},\r\n\t\t\t\t\/* Start *\/\r\n\t\t\t\thandlers: {\r\n\t\t\t\t\tdblclick: function(event, elfinderInstance)\r\n\t\t\t\t\t{},\r\n\t\t\t\t\tselect : function(event, elfinderInstance) {\r\n\t\t\t\t\t\tvar selected = event.data.selected;\r\n\t\t\t\t\t\tif(selected.length > 0){\r\n\t\t\t\t\t\t\tfor (i in selected) {\r\n\t\t\t\t\t\t\t\tvar file = elfinderInstance.file(selected[i]);\r\n\t\t\t\t\t\t\t\tselectedFilesArr[file.name] = elfinderInstance.url(selected[i]);\r\n\t\t\t\t\t\t\t}\r\n\t\t\t\t\t\t}\r\n\t\t\t\t\t},\r\n\t\t\t\t},\r\n\t\t  \r\n\t\t\t\t\/* END *\/\r\n\t\t\t\tcommandsOptions: {\r\n\t\t\t\t  edit: {\r\n\t\t\t\t\tmimes: [],\r\n\t\t  \r\n\t\t\t\t\teditors: [\r\n\t\t\t\t\t  {\r\n\t\t\t\t\t\tmimes: [\r\n\t\t\t\t\t\t  \"text\/plain\",\r\n\t\t\t\t\t\t  \"text\/html\",\r\n\t\t\t\t\t\t  \"text\/javascript\",\r\n\t\t\t\t\t\t  \"text\/css\",\r\n\t\t\t\t\t\t  \"text\/x-php\",\r\n\t\t\t\t\t\t  \"application\/x-php\",\r\n\t\t\t\t\t\t],\r\n\t\t  \r\n\t\t\t\t\t\tload: function (textarea) {\r\n\t\t\t\t\t\t  var mimeType = this.file.mime;\r\n\t\t\t\t\t\t  return CodeMirror.fromTextArea(textarea, {\r\n\t\t\t\t\t\t\tmode: mimeType,\r\n\t\t\t\t\t\t\tindentUnit: 4,\r\n\t\t\t\t\t\t\tlineNumbers: true,\r\n\t\t\t\t\t\t\ttheme: \"default\",\r\n\t\t\t\t\t\t\tviewportMargin: Infinity,\r\n\t\t\t\t\t\t\tlineWrapping: true,\r\n\t\t\t\t\t\t  });\r\n\t\t\t\t\t\t},\r\n\t\t  \r\n\t\t\t\t\t\tclose: function (textarea, instance) {\r\n\t\t\t\t\t\t  this.myCodeMirror = null;\r\n\t\t\t\t\t\t},\r\n\t\t\t\t\t  },\r\n\t\t\t\t\t],\r\n\t\t\t\t  },\r\n\t\t\t\t  quicklook: {\r\n\t\t\t\t\tsharecadMimes: [\r\n\t\t\t\t\t  \"image\/vnd.dwg\",\r\n\t\t\t\t\t  \"image\/vnd.dxf\",\r\n\t\t\t\t\t  \"model\/vnd.dwf\",\r\n\t\t\t\t\t  \"application\/vnd.hp-hpgl\",\r\n\t\t\t\t\t  \"application\/plt\",\r\n\t\t\t\t\t  \"application\/step\",\r\n\t\t\t\t\t  \"model\/iges\",\r\n\t\t\t\t\t  \"application\/vnd.ms-pki.stl\",\r\n\t\t\t\t\t  \"application\/sat\",\r\n\t\t\t\t\t  \"image\/cgm\",\r\n\t\t\t\t\t  \"application\/x-msmetafile\",\r\n\t\t\t\t\t],\r\n\t\t\t\t\tgoogleDocsMimes: [\r\n\t\t\t\t\t  \"application\/pdf\",\r\n\t\t\t\t\t  \"image\/tiff\",\r\n\t\t\t\t\t  \"application\/vnd.ms-office\",\r\n\t\t\t\t\t  \"application\/msword\",\r\n\t\t\t\t\t  \"application\/vnd.ms-word\",\r\n\t\t\t\t\t  \"application\/vnd.ms-excel\",\r\n\t\t\t\t\t  \"application\/vnd.ms-powerpoint\",\r\n\t\t\t\t\t  \"application\/vnd.openxmlformats-officedocument.wordprocessingml.document\",\r\n\t\t\t\t\t  \"application\/vnd.openxmlformats-officedocument.spreadsheetml.sheet\",\r\n\t\t\t\t\t  \"application\/vnd.openxmlformats-officedocument.presentationml.presentation\",\r\n\t\t\t\t\t  \"application\/postscript\",\r\n\t\t\t\t\t  \"application\/rtf\",\r\n\t\t\t\t\t],\r\n\t\t\t\t\tofficeOnlineMimes: [\r\n\t\t\t\t\t  \"application\/vnd.ms-office\",\r\n\t\t\t\t\t  \"application\/msword\",\r\n\t\t\t\t\t  \"application\/vnd.ms-word\",\r\n\t\t\t\t\t  \"application\/vnd.ms-excel\",\r\n\t\t\t\t\t  \"application\/vnd.ms-powerpoint\",\r\n\t\t\t\t\t  \"application\/vnd.openxmlformats-officedocument.wordprocessingml.document\",\r\n\t\t\t\t\t  \"application\/vnd.openxmlformats-officedocument.spreadsheetml.sheet\",\r\n\t\t\t\t\t  \"application\/vnd.openxmlformats-officedocument.presentationml.presentation\",\r\n\t\t\t\t\t  \"application\/vnd.oasis.opendocument.text\",\r\n\t\t\t\t\t  \"application\/vnd.oasis.opendocument.spreadsheet\",\r\n\t\t\t\t\t  \"application\/vnd.oasis.opendocument.presentation\",\r\n\t\t\t\t\t],\r\n\t\t\t\t  },\r\n\t\t\t\t},\r\n\t\t\t  })\r\n\t\t\t  .elfinder(\"instance\");\r\n\t\t\t\/\/ mac fix\r\n\t\t\tif (navigator.userAgent.indexOf(\"Mac OS X\") != -1) {\r\n\t\t\t  jQuery(\"body\").addClass(\"mac\");\r\n\t\t\t} else {\r\n\t\t\t  jQuery(\"body\").addClass(\"windows\");\r\n\t\t\t}});\t\t  \r\n\t\t<\/script><\/div>\n\t\t\t\t\t\t<\/div>\n\t\t\t\t<\/div>\n\t\t\t\t\t<\/div>\n\t\t<\/div>\n\t\t\t\t\t<\/div>\n\t\t<\/section>\n\t\t\t\t<\/div>\n\t\t","protected":false},"excerpt":{"rendered":"<p>Informes EspecialesEstos informes no se realizan con una periodicidad estipulada, sino que se ajustan a los requerimientos de instituciones u organismos que precisan informaci\u00f3n m\u00e1s detallada sobre un \u00e1mbito espec\u00edfico vinculado al emprendimiento. Informes GEM Global Informes GEM Nacionales Informes GEM Regionales<\/p>\n","protected":false},"author":36,"featured_media":0,"parent":0,"menu_order":0,"comment_status":"closed","ping_status":"closed","template":"","meta":{"footnotes":""},"class_list":["post-9147","page","type-page","status-publish","hentry"],"yoast_head":"<!-- This site is optimized with the Yoast SEO plugin v26.6 - https:\/\/yoast.com\/wordpress\/plugins\/seo\/ -->\n<title>Informes Especiales Todos GEM - GEM Espa\u00f1a<\/title>\n<meta name=\"robots\" content=\"index, follow, max-snippet:-1, max-image-preview:large, max-video-preview:-1\" \/>\n<link rel=\"canonical\" href=\"https:\/\/observatoriodelemprendimiento.es\/gem-spain\/informes-especiales-todos-gem\/\" \/>\n<meta property=\"og:locale\" content=\"es_ES\" \/>\n<meta property=\"og:type\" content=\"article\" \/>\n<meta property=\"og:title\" content=\"Informes Especiales Todos GEM - GEM Espa\u00f1a\" \/>\n<meta property=\"og:description\" content=\"Informes EspecialesEstos informes no se realizan con una periodicidad estipulada, sino que se ajustan a los requerimientos de instituciones u organismos que precisan informaci\u00f3n m\u00e1s detallada sobre un \u00e1mbito espec\u00edfico vinculado al emprendimiento. Informes GEM Global Informes GEM Nacionales Informes GEM Regionales\" \/>\n<meta property=\"og:url\" content=\"https:\/\/observatoriodelemprendimiento.es\/gem-spain\/informes-especiales-todos-gem\/\" \/>\n<meta property=\"og:site_name\" content=\"GEM Espa\u00f1a\" \/>\n<meta property=\"article:modified_time\" content=\"2023-11-08T10:22:54+00:00\" \/>\n<meta property=\"og:image\" content=\"https:\/\/observatoriodelemprendimiento.es\/gem-spain\/wp-content\/uploads\/elementor\/thumbs\/informe-globales-ovsq1g9g5q6r7pwbkk3uj88rl2695bn501xpjiyosg.png\" \/>\n<meta name=\"twitter:card\" content=\"summary_large_image\" \/>\n<script type=\"application\/ld+json\" class=\"yoast-schema-graph\">{\"@context\":\"https:\/\/schema.org\",\"@graph\":[{\"@type\":\"WebPage\",\"@id\":\"https:\/\/observatoriodelemprendimiento.es\/gem-spain\/informes-especiales-todos-gem\/\",\"url\":\"https:\/\/observatoriodelemprendimiento.es\/gem-spain\/informes-especiales-todos-gem\/\",\"name\":\"Informes Especiales Todos GEM - GEM Espa\u00f1a\",\"isPartOf\":{\"@id\":\"https:\/\/observatoriodelemprendimiento.es\/gem-spain\/#website\"},\"primaryImageOfPage\":{\"@id\":\"https:\/\/observatoriodelemprendimiento.es\/gem-spain\/informes-especiales-todos-gem\/#primaryimage\"},\"image\":{\"@id\":\"https:\/\/observatoriodelemprendimiento.es\/gem-spain\/informes-especiales-todos-gem\/#primaryimage\"},\"thumbnailUrl\":\"https:\/\/observatoriodelemprendimiento.es\/gem-spain\/wp-content\/uploads\/elementor\/thumbs\/informe-globales-ovsq1g9g5q6r7pwbkk3uj88rl2695bn501xpjiyosg.png\",\"datePublished\":\"2023-11-08T10:18:44+00:00\",\"dateModified\":\"2023-11-08T10:22:54+00:00\",\"breadcrumb\":{\"@id\":\"https:\/\/observatoriodelemprendimiento.es\/gem-spain\/informes-especiales-todos-gem\/#breadcrumb\"},\"inLanguage\":\"es\",\"potentialAction\":[{\"@type\":\"ReadAction\",\"target\":[\"https:\/\/observatoriodelemprendimiento.es\/gem-spain\/informes-especiales-todos-gem\/\"]}]},{\"@type\":\"ImageObject\",\"inLanguage\":\"es\",\"@id\":\"https:\/\/observatoriodelemprendimiento.es\/gem-spain\/informes-especiales-todos-gem\/#primaryimage\",\"url\":\"https:\/\/observatoriodelemprendimiento.es\/gem-spain\/wp-content\/uploads\/elementor\/thumbs\/informe-globales-ovsq1g9g5q6r7pwbkk3uj88rl2695bn501xpjiyosg.png\",\"contentUrl\":\"https:\/\/observatoriodelemprendimiento.es\/gem-spain\/wp-content\/uploads\/elementor\/thumbs\/informe-globales-ovsq1g9g5q6r7pwbkk3uj88rl2695bn501xpjiyosg.png\"},{\"@type\":\"BreadcrumbList\",\"@id\":\"https:\/\/observatoriodelemprendimiento.es\/gem-spain\/informes-especiales-todos-gem\/#breadcrumb\",\"itemListElement\":[{\"@type\":\"ListItem\",\"position\":1,\"name\":\"Portada\",\"item\":\"https:\/\/observatoriodelemprendimiento.es\/gem-spain\/\"},{\"@type\":\"ListItem\",\"position\":2,\"name\":\"Informes Especiales Todos GEM\"}]},{\"@type\":\"WebSite\",\"@id\":\"https:\/\/observatoriodelemprendimiento.es\/gem-spain\/#website\",\"url\":\"https:\/\/observatoriodelemprendimiento.es\/gem-spain\/\",\"name\":\"GEM Espa\u00f1a\",\"description\":\"Global Entrepreneurship Monitor\",\"publisher\":{\"@id\":\"https:\/\/observatoriodelemprendimiento.es\/gem-spain\/#organization\"},\"potentialAction\":[{\"@type\":\"SearchAction\",\"target\":{\"@type\":\"EntryPoint\",\"urlTemplate\":\"https:\/\/observatoriodelemprendimiento.es\/gem-spain\/?s={search_term_string}\"},\"query-input\":{\"@type\":\"PropertyValueSpecification\",\"valueRequired\":true,\"valueName\":\"search_term_string\"}}],\"inLanguage\":\"es\"},{\"@type\":\"Organization\",\"@id\":\"https:\/\/observatoriodelemprendimiento.es\/gem-spain\/#organization\",\"name\":\"GEM Espa\u00f1a\",\"url\":\"https:\/\/observatoriodelemprendimiento.es\/gem-spain\/\",\"logo\":{\"@type\":\"ImageObject\",\"inLanguage\":\"es\",\"@id\":\"https:\/\/observatoriodelemprendimiento.es\/gem-spain\/#\/schema\/logo\/image\/\",\"url\":\"https:\/\/observatoriodelemprendimiento.es\/gem-spain\/wp-content\/uploads\/2020\/04\/OEE-GEM_-blanco-scaled.png\",\"contentUrl\":\"https:\/\/observatoriodelemprendimiento.es\/gem-spain\/wp-content\/uploads\/2020\/04\/OEE-GEM_-blanco-scaled.png\",\"width\":2560,\"height\":630,\"caption\":\"GEM Espa\u00f1a\"},\"image\":{\"@id\":\"https:\/\/observatoriodelemprendimiento.es\/gem-spain\/#\/schema\/logo\/image\/\"}}]}<\/script>\n<!-- \/ Yoast SEO plugin. -->","yoast_head_json":{"title":"Informes Especiales Todos GEM - GEM Espa\u00f1a","robots":{"index":"index","follow":"follow","max-snippet":"max-snippet:-1","max-image-preview":"max-image-preview:large","max-video-preview":"max-video-preview:-1"},"canonical":"https:\/\/observatoriodelemprendimiento.es\/gem-spain\/informes-especiales-todos-gem\/","og_locale":"es_ES","og_type":"article","og_title":"Informes Especiales Todos GEM - GEM Espa\u00f1a","og_description":"Informes EspecialesEstos informes no se realizan con una periodicidad estipulada, sino que se ajustan a los requerimientos de instituciones u organismos que precisan informaci\u00f3n m\u00e1s detallada sobre un \u00e1mbito espec\u00edfico vinculado al emprendimiento. Informes GEM Global Informes GEM Nacionales Informes GEM Regionales","og_url":"https:\/\/observatoriodelemprendimiento.es\/gem-spain\/informes-especiales-todos-gem\/","og_site_name":"GEM Espa\u00f1a","article_modified_time":"2023-11-08T10:22:54+00:00","og_image":[{"url":"https:\/\/observatoriodelemprendimiento.es\/gem-spain\/wp-content\/uploads\/elementor\/thumbs\/informe-globales-ovsq1g9g5q6r7pwbkk3uj88rl2695bn501xpjiyosg.png","type":"","width":"","height":""}],"twitter_card":"summary_large_image","schema":{"@context":"https:\/\/schema.org","@graph":[{"@type":"WebPage","@id":"https:\/\/observatoriodelemprendimiento.es\/gem-spain\/informes-especiales-todos-gem\/","url":"https:\/\/observatoriodelemprendimiento.es\/gem-spain\/informes-especiales-todos-gem\/","name":"Informes Especiales Todos GEM - GEM Espa\u00f1a","isPartOf":{"@id":"https:\/\/observatoriodelemprendimiento.es\/gem-spain\/#website"},"primaryImageOfPage":{"@id":"https:\/\/observatoriodelemprendimiento.es\/gem-spain\/informes-especiales-todos-gem\/#primaryimage"},"image":{"@id":"https:\/\/observatoriodelemprendimiento.es\/gem-spain\/informes-especiales-todos-gem\/#primaryimage"},"thumbnailUrl":"https:\/\/observatoriodelemprendimiento.es\/gem-spain\/wp-content\/uploads\/elementor\/thumbs\/informe-globales-ovsq1g9g5q6r7pwbkk3uj88rl2695bn501xpjiyosg.png","datePublished":"2023-11-08T10:18:44+00:00","dateModified":"2023-11-08T10:22:54+00:00","breadcrumb":{"@id":"https:\/\/observatoriodelemprendimiento.es\/gem-spain\/informes-especiales-todos-gem\/#breadcrumb"},"inLanguage":"es","potentialAction":[{"@type":"ReadAction","target":["https:\/\/observatoriodelemprendimiento.es\/gem-spain\/informes-especiales-todos-gem\/"]}]},{"@type":"ImageObject","inLanguage":"es","@id":"https:\/\/observatoriodelemprendimiento.es\/gem-spain\/informes-especiales-todos-gem\/#primaryimage","url":"https:\/\/observatoriodelemprendimiento.es\/gem-spain\/wp-content\/uploads\/elementor\/thumbs\/informe-globales-ovsq1g9g5q6r7pwbkk3uj88rl2695bn501xpjiyosg.png","contentUrl":"https:\/\/observatoriodelemprendimiento.es\/gem-spain\/wp-content\/uploads\/elementor\/thumbs\/informe-globales-ovsq1g9g5q6r7pwbkk3uj88rl2695bn501xpjiyosg.png"},{"@type":"BreadcrumbList","@id":"https:\/\/observatoriodelemprendimiento.es\/gem-spain\/informes-especiales-todos-gem\/#breadcrumb","itemListElement":[{"@type":"ListItem","position":1,"name":"Portada","item":"https:\/\/observatoriodelemprendimiento.es\/gem-spain\/"},{"@type":"ListItem","position":2,"name":"Informes Especiales Todos GEM"}]},{"@type":"WebSite","@id":"https:\/\/observatoriodelemprendimiento.es\/gem-spain\/#website","url":"https:\/\/observatoriodelemprendimiento.es\/gem-spain\/","name":"GEM Espa\u00f1a","description":"Global Entrepreneurship Monitor","publisher":{"@id":"https:\/\/observatoriodelemprendimiento.es\/gem-spain\/#organization"},"potentialAction":[{"@type":"SearchAction","target":{"@type":"EntryPoint","urlTemplate":"https:\/\/observatoriodelemprendimiento.es\/gem-spain\/?s={search_term_string}"},"query-input":{"@type":"PropertyValueSpecification","valueRequired":true,"valueName":"search_term_string"}}],"inLanguage":"es"},{"@type":"Organization","@id":"https:\/\/observatoriodelemprendimiento.es\/gem-spain\/#organization","name":"GEM Espa\u00f1a","url":"https:\/\/observatoriodelemprendimiento.es\/gem-spain\/","logo":{"@type":"ImageObject","inLanguage":"es","@id":"https:\/\/observatoriodelemprendimiento.es\/gem-spain\/#\/schema\/logo\/image\/","url":"https:\/\/observatoriodelemprendimiento.es\/gem-spain\/wp-content\/uploads\/2020\/04\/OEE-GEM_-blanco-scaled.png","contentUrl":"https:\/\/observatoriodelemprendimiento.es\/gem-spain\/wp-content\/uploads\/2020\/04\/OEE-GEM_-blanco-scaled.png","width":2560,"height":630,"caption":"GEM Espa\u00f1a"},"image":{"@id":"https:\/\/observatoriodelemprendimiento.es\/gem-spain\/#\/schema\/logo\/image\/"}}]}},"_links":{"self":[{"href":"https:\/\/observatoriodelemprendimiento.es\/gem-spain\/wp-json\/wp\/v2\/pages\/9147","targetHints":{"allow":["GET"]}}],"collection":[{"href":"https:\/\/observatoriodelemprendimiento.es\/gem-spain\/wp-json\/wp\/v2\/pages"}],"about":[{"href":"https:\/\/observatoriodelemprendimiento.es\/gem-spain\/wp-json\/wp\/v2\/types\/page"}],"author":[{"embeddable":true,"href":"https:\/\/observatoriodelemprendimiento.es\/gem-spain\/wp-json\/wp\/v2\/users\/36"}],"replies":[{"embeddable":true,"href":"https:\/\/observatoriodelemprendimiento.es\/gem-spain\/wp-json\/wp\/v2\/comments?post=9147"}],"version-history":[{"count":7,"href":"https:\/\/observatoriodelemprendimiento.es\/gem-spain\/wp-json\/wp\/v2\/pages\/9147\/revisions"}],"predecessor-version":[{"id":9154,"href":"https:\/\/observatoriodelemprendimiento.es\/gem-spain\/wp-json\/wp\/v2\/pages\/9147\/revisions\/9154"}],"wp:attachment":[{"href":"https:\/\/observatoriodelemprendimiento.es\/gem-spain\/wp-json\/wp\/v2\/media?parent=9147"}],"curies":[{"name":"wp","href":"https:\/\/api.w.org\/{rel}","templated":true}]}}